{"id":893,"date":"2023-11-14T10:26:00","date_gmt":"2023-11-14T09:26:00","guid":{"rendered":"https:\/\/bomlo.fhs.no\/old\/?page_id=893"},"modified":"2023-11-14T10:28:13","modified_gmt":"2023-11-14T09:28:13","slug":"hei-bomlo","status":"publish","type":"page","link":"https:\/\/bomlo.fhs.no\/old\/hei-bomlo\/","title":{"rendered":"Hei B\u00f8mlo FHS"},"content":{"rendered":"\n<p>Enten du er forn\u00f8yd eller mener vi kan forbedre oss, setter vi stor pris p\u00e5 tilbakemeldinger om hverdagen din p\u00e5 B\u00f8mlo folkeh\u00f8gskule! Ris eller ros, gleder eller sorger, stort eller sm\u00e5tt: Har du noe du vil dele med oss, s\u00e5 send oss en melding! Tilbakemeldingen din plukkes da opp av rektor Magne, og blir brukt i arbeidet v\u00e5rt for \u00e5 gj\u00f8re skolen v\u00e5r enda bedre.<\/p>\n\n\n\n<p>H\u00e5per vi h\u00f8rer fra deg!<\/p>\n\n\n<noscript class=\"ninja-forms-noscript-message\">\n\tMerk: JavaScript er p\u00e5krevd for dette innholdet.<\/noscript>\n<div id=\"nf-form-3-cont\" class=\"nf-form-cont\" aria-live=\"polite\" aria-labelledby=\"nf-form-title-3\" aria-describedby=\"nf-form-errors-3\" role=\"form\">\n\n    <div class=\"nf-loading-spinner\"><\/div>\n\n<\/div>\n        <!-- That data is being printed as a workaround to page builders reordering the order of the scripts loaded-->\n        <script>var formDisplay=1;var nfForms=nfForms||[];var form=[];form.id='3';form.settings={\"objectType\":\"Form Setting\",\"editActive\":\"\",\"title\":\"Tilbakemeldingsskjema\",\"form_title\":\"Tilbakemeldingsskjema\",\"default_label_pos\":\"above\",\"show_title\":\"1\",\"clear_complete\":\"1\",\"hide_complete\":\"1\",\"logged_in\":\"0\",\"wrapper_class\":\"\",\"element_class\":\"\",\"form_title_heading_level\":\"3\",\"key\":\"\",\"add_submit\":\"0\",\"currency\":\"\",\"unique_field_error\":\"A form with this value has already been submitted.\",\"not_logged_in_msg\":\"\",\"sub_limit_msg\":\"The form has reached its submission limit.\",\"calculations\":[],\"formContentData\":[\"navn_1699951011510\",\"tilbakemelding_1699951076376\",\"submit_1699950971797\"],\"allow_public_link\":0,\"embed_form\":\"\",\"ninjaForms\":\"Ninja Forms\",\"changeEmailErrorMsg\":\"Skriv inn en gyldig e-postadresse!\",\"changeDateErrorMsg\":\"Please enter a valid date!\",\"confirmFieldErrorMsg\":\"Disse feltene m\\u00e5 stemme overens!\",\"fieldNumberNumMinError\":\"Minimum antall feil\",\"fieldNumberNumMaxError\":\"Maks antall feil\",\"fieldNumberIncrementBy\":\"\\u00d8k trinnvis med \",\"fieldTextareaRTEInsertLink\":\"Sett inn kobling\",\"fieldTextareaRTEInsertMedia\":\"Sett inn medie\",\"fieldTextareaRTESelectAFile\":\"Velg en fil\",\"formErrorsCorrectErrors\":\"Rett opp feil f\\u00f8r du sender inn dette skjemaet.\",\"formHoneypot\":\"Hvis du er et menneske som ser dette feltet, lar du det st\\u00e5 tomt.\",\"validateRequiredField\":\"Dette er et p\\u00e5krevd felt.\",\"honeypotHoneypotError\":\"Honeypot-feilmelding\",\"fileUploadOldCodeFileUploadInProgress\":\"Filopplasting p\\u00e5g\\u00e5r.\",\"fileUploadOldCodeFileUpload\":\"FILOPPLASTING\",\"currencySymbol\":false,\"fieldsMarkedRequired\":\"P\\u00e5krevde felter er merket med <span class=\\\"ninja-forms-req-symbol\\\">*<\\\/span>\",\"thousands_sep\":\"\\u00a0\",\"decimal_point\":\",\",\"siteLocale\":\"nb_NO\",\"dateFormat\":\"m\\\/d\\\/Y\",\"startOfWeek\":\"1\",\"of\":\"av\",\"previousMonth\":\"Previous Month\",\"nextMonth\":\"Next Month\",\"months\":[\"January\",\"February\",\"March\",\"April\",\"May\",\"June\",\"July\",\"August\",\"September\",\"October\",\"November\",\"December\"],\"monthsShort\":[\"Jan\",\"Feb\",\"Mar\",\"Apr\",\"May\",\"Jun\",\"Jul\",\"Aug\",\"Sep\",\"Oct\",\"Nov\",\"Dec\"],\"weekdays\":[\"Sunday\",\"Monday\",\"Tuesday\",\"Wednesday\",\"Thursday\",\"Friday\",\"Saturday\"],\"weekdaysShort\":[\"Sun\",\"Mon\",\"Tue\",\"Wed\",\"Thu\",\"Fri\",\"Sat\"],\"weekdaysMin\":[\"Su\",\"Mo\",\"Tu\",\"We\",\"Th\",\"Fr\",\"Sa\"],\"recaptchaConsentMissing\":\"reCaptcha validation couldn&#039;t load.\",\"recaptchaMissingCookie\":\"reCaptcha v3 validation couldn&#039;t load the cookie needed to submit the form.\",\"recaptchaConsentEvent\":\"Accept reCaptcha cookies before sending the form.\",\"currency_symbol\":\"\",\"beforeForm\":\"\",\"beforeFields\":\"\",\"afterFields\":\"\",\"afterForm\":\"\"};form.fields=[{\"objectType\":\"Field\",\"objectDomain\":\"fields\",\"editActive\":false,\"order\":1,\"idAttribute\":\"id\",\"type\":\"firstname\",\"label\":\"Navn\",\"key\":\"navn_1699951011510\",\"label_pos\":\"above\",\"required\":1,\"default\":\"\",\"placeholder\":\"Navn:\",\"container_class\":\"\",\"element_class\":\"\",\"admin_label\":\"\",\"help_text\":\"\",\"custom_name_attribute\":\"fname\",\"personally_identifiable\":1,\"value\":\"\",\"drawerDisabled\":\"\",\"field_label\":\"Navn\",\"field_key\":\"navn_1699951011510\",\"id\":16,\"beforeField\":\"\",\"afterField\":\"\",\"parentType\":\"firstname\",\"element_templates\":[\"firstname\",\"input\"],\"old_classname\":\"\",\"wrap_template\":\"wrap\"},{\"objectType\":\"Field\",\"objectDomain\":\"fields\",\"editActive\":false,\"order\":2,\"idAttribute\":\"id\",\"type\":\"textarea\",\"label\":\"Tilbakemelding\",\"key\":\"tilbakemelding_1699951076376\",\"label_pos\":\"above\",\"required\":1,\"default\":\"\",\"placeholder\":\"HEI B\\u00f8mlo FHS...\",\"container_class\":\"\",\"element_class\":\"\",\"input_limit\":\"\",\"input_limit_type\":\"characters\",\"input_limit_msg\":\"Tegn igjen\",\"manual_key\":\"\",\"admin_label\":\"\",\"help_text\":\"\",\"textarea_rte\":\"\",\"disable_rte_mobile\":\"\",\"textarea_media\":\"\",\"value\":\"\",\"drawerDisabled\":\"\",\"field_label\":\"Tilbakemelding\",\"field_key\":\"tilbakemelding_1699951076376\",\"id\":17,\"beforeField\":\"\",\"afterField\":\"\",\"parentType\":\"textarea\",\"element_templates\":[\"textarea\",\"input\"],\"old_classname\":\"\",\"wrap_template\":\"wrap\"},{\"objectType\":\"Field\",\"objectDomain\":\"fields\",\"editActive\":false,\"order\":4,\"idAttribute\":\"id\",\"type\":\"submit\",\"label\":\"Send\",\"processing_label\":\"Processing\",\"container_class\":\"\",\"element_class\":\"\",\"key\":\"submit_1699950971797\",\"drawerDisabled\":\"\",\"field_label\":\"Send\",\"field_key\":\"submit_1699950971797\",\"id\":18,\"beforeField\":\"\",\"afterField\":\"\",\"value\":\"\",\"label_pos\":\"above\",\"parentType\":\"textbox\",\"element_templates\":[\"submit\",\"button\",\"input\"],\"old_classname\":\"\",\"wrap_template\":\"wrap-no-label\"}];nfForms.push(form);<\/script>\n        \n","protected":false},"excerpt":{"rendered":"<p>Enten du er forn\u00f8yd eller mener vi kan forbedre oss, setter vi stor pris p\u00e5 tilbakemeldinger om hverdagen din p\u00e5 [&hellip;]<\/p>\n","protected":false},"author":1,"featured_media":0,"parent":0,"menu_order":0,"comment_status":"closed","ping_status":"closed","template":"","meta":{"_acf_changed":false,"footnotes":""},"class_list":["post-893","page","type-page","status-publish","hentry"],"acf":[],"_links":{"self":[{"href":"https:\/\/bomlo.fhs.no\/old\/wp-json\/wp\/v2\/pages\/893","targetHints":{"allow":["GET"]}}],"collection":[{"href":"https:\/\/bomlo.fhs.no\/old\/wp-json\/wp\/v2\/pages"}],"about":[{"href":"https:\/\/bomlo.fhs.no\/old\/wp-json\/wp\/v2\/types\/page"}],"author":[{"embeddable":true,"href":"https:\/\/bomlo.fhs.no\/old\/wp-json\/wp\/v2\/users\/1"}],"replies":[{"embeddable":true,"href":"https:\/\/bomlo.fhs.no\/old\/wp-json\/wp\/v2\/comments?post=893"}],"version-history":[{"count":4,"href":"https:\/\/bomlo.fhs.no\/old\/wp-json\/wp\/v2\/pages\/893\/revisions"}],"predecessor-version":[{"id":897,"href":"https:\/\/bomlo.fhs.no\/old\/wp-json\/wp\/v2\/pages\/893\/revisions\/897"}],"wp:attachment":[{"href":"https:\/\/bomlo.fhs.no\/old\/wp-json\/wp\/v2\/media?parent=893"}],"curies":[{"name":"wp","href":"https:\/\/api.w.org\/{rel}","templated":true}]}}