{"id":81,"date":"2023-10-30T11:18:00","date_gmt":"2023-10-30T10:18:00","guid":{"rendered":"https:\/\/bomlo.fhs.no\/old\/?page_id=81"},"modified":"2023-11-15T11:21:19","modified_gmt":"2023-11-15T10:21:19","slug":"valgfag-og-fellesfag","status":"publish","type":"page","link":"https:\/\/bomlo.fhs.no\/old\/valgfag-og-fellesfag\/","title":{"rendered":"Valgfag og Fellesfag"},"content":{"rendered":"\n<p>Som valgfag tilbyr vi et bredt spekter av fag, kurs og aktiviteter som kan knytte elevene p\u00e5 tvers av linjene. Elevene har sterk p\u00e5virkningskraft n\u00e5r vi setter sammen tilbudet.<br>Fellesfagene skaper samhold og felles opplevelser for hele skolen, gjennom faste samlinger hver uke og \u00e5rlige prosjekter vi arrangerer sammen.<\/p>\n","protected":false},"excerpt":{"rendered":"<p>Som valgfag tilbyr vi et bredt spekter av fag, kurs og aktiviteter som kan knytte elevene p\u00e5 tvers av linjene. [&hellip;]<\/p>\n","protected":false},"author":1,"featured_media":0,"parent":0,"menu_order":0,"comment_status":"closed","ping_status":"closed","template":"page-valgfag.php","meta":{"_acf_changed":false,"footnotes":""},"class_list":["post-81","page","type-page","status-publish","hentry"],"acf":[],"_links":{"self":[{"href":"https:\/\/bomlo.fhs.no\/old\/wp-json\/wp\/v2\/pages\/81","targetHints":{"allow":["GET"]}}],"collection":[{"href":"https:\/\/bomlo.fhs.no\/old\/wp-json\/wp\/v2\/pages"}],"about":[{"href":"https:\/\/bomlo.fhs.no\/old\/wp-json\/wp\/v2\/types\/page"}],"author":[{"embeddable":true,"href":"https:\/\/bomlo.fhs.no\/old\/wp-json\/wp\/v2\/users\/1"}],"replies":[{"embeddable":true,"href":"https:\/\/bomlo.fhs.no\/old\/wp-json\/wp\/v2\/comments?post=81"}],"version-history":[{"count":8,"href":"https:\/\/bomlo.fhs.no\/old\/wp-json\/wp\/v2\/pages\/81\/revisions"}],"predecessor-version":[{"id":932,"href":"https:\/\/bomlo.fhs.no\/old\/wp-json\/wp\/v2\/pages\/81\/revisions\/932"}],"wp:attachment":[{"href":"https:\/\/bomlo.fhs.no\/old\/wp-json\/wp\/v2\/media?parent=81"}],"curies":[{"name":"wp","href":"https:\/\/api.w.org\/{rel}","templated":true}]}}