{"id":70,"date":"2023-10-30T11:10:46","date_gmt":"2023-10-30T10:10:46","guid":{"rendered":"https:\/\/bomlo.fhs.no\/old\/?page_id=70"},"modified":"2024-09-24T13:01:24","modified_gmt":"2024-09-24T11:01:24","slug":"praktisk-om-skolen","status":"publish","type":"page","link":"https:\/\/bomlo.fhs.no\/old\/praktisk-om-skolen\/","title":{"rendered":"Om skolen"},"content":{"rendered":"\n<p>B\u00f8mlo Folkeh\u00f8gskule er en frilynt skole midt mellom Bergen og Stavanger. Her f\u00e5r du et annerledes studie\u00e5r med hovedfokus p\u00e5 b\u00e6rekraft, kultur, kreativitet og solidaritet. Samtidig legger vi vekt p\u00e5 at du skal utvikle deg innen kommunikasjon, konfliktl\u00f8sing og samarbeid. Vi garanterer et folkeh\u00f8gskole\u00e5r du aldri vil glemme!<\/p>\n\n\n\n<h2 class=\"wp-block-heading\">Skolens verdier<\/h2>\n\n\n\n<p>Fred, solidaritet, kreativitet og milj\u00f8 er verdier som skal ligge til grunn for det vi gj\u00f8r i skolehverdagen og p\u00e5 reiser<\/p>\n\n\n\n<h2 class=\"wp-block-heading\">M\u00e5l<\/h2>\n\n\n\n<p>B\u00f8mlo Folkeh\u00f8gskule skal v\u00e6re en folkeh\u00f8gskole der elevene skal utvikle seg og trives, og et \u00e5r ved B\u00f8mlo Folkeh\u00f8gskule skal gi elevene l\u00e6ring og mening. <br><\/p>\n\n\n\n<h2 class=\"wp-block-heading\">Skolereiser<\/h2>\n\n\n\n<p>Vi opps\u00f8ker spennende destinasjoner, kulturer og prosjekter vi har om p\u00e5 skolen og m\u00f8ter mennesker i deres hverdag. Slik f\u00e5r vi en langt bedre forst\u00e5else for temaene vi fordyper oss i og nye perspektiver p\u00e5 verden og v\u00e5re egne liv. Hver linje har egne spennende linjeturer, i tillegg har vi <a href=\"https:\/\/bomlo.fhs.no\/old\/valgfag-og-fellesfag\/#felles-turopplevelser\" data-type=\"page\" data-id=\"81\">fellesturer<\/a> til Hovden, B\u00f8mlo-rundt og Preikestolen.<\/p>\n","protected":false},"excerpt":{"rendered":"<p>B\u00f8mlo Folkeh\u00f8gskule er en frilynt skole midt mellom Bergen og Stavanger. Her f\u00e5r du et annerledes studie\u00e5r med hovedfokus p\u00e5 [&hellip;]<\/p>\n","protected":false},"author":1,"featured_media":0,"parent":0,"menu_order":0,"comment_status":"closed","ping_status":"closed","template":"page-praktisk.php","meta":{"_acf_changed":false,"footnotes":""},"class_list":["post-70","page","type-page","status-publish","hentry"],"acf":[],"_links":{"self":[{"href":"https:\/\/bomlo.fhs.no\/old\/wp-json\/wp\/v2\/pages\/70","targetHints":{"allow":["GET"]}}],"collection":[{"href":"https:\/\/bomlo.fhs.no\/old\/wp-json\/wp\/v2\/pages"}],"about":[{"href":"https:\/\/bomlo.fhs.no\/old\/wp-json\/wp\/v2\/types\/page"}],"author":[{"embeddable":true,"href":"https:\/\/bomlo.fhs.no\/old\/wp-json\/wp\/v2\/users\/1"}],"replies":[{"embeddable":true,"href":"https:\/\/bomlo.fhs.no\/old\/wp-json\/wp\/v2\/comments?post=70"}],"version-history":[{"count":109,"href":"https:\/\/bomlo.fhs.no\/old\/wp-json\/wp\/v2\/pages\/70\/revisions"}],"predecessor-version":[{"id":1396,"href":"https:\/\/bomlo.fhs.no\/old\/wp-json\/wp\/v2\/pages\/70\/revisions\/1396"}],"wp:attachment":[{"href":"https:\/\/bomlo.fhs.no\/old\/wp-json\/wp\/v2\/media?parent=70"}],"curies":[{"name":"wp","href":"https:\/\/api.w.org\/{rel}","templated":true}]}}