{"id":65,"date":"2023-10-30T11:08:52","date_gmt":"2023-10-30T10:08:52","guid":{"rendered":"https:\/\/bomlo.fhs.no\/old\/?page_id=65"},"modified":"2024-04-17T14:10:03","modified_gmt":"2024-04-17T12:10:03","slug":"framside","status":"publish","type":"page","link":"https:\/\/bomlo.fhs.no\/old\/","title":{"rendered":"Framside"},"content":{"rendered":"\n<p>Trygt og n\u00e6rt, vilt og eksotisk. Lokalt og globalt. Glede og alvor. L\u00e6ring og fri\u00e5r: P\u00e5 B\u00f8mlo Folkeh\u00f8gskule velger du to linjer og f\u00e5r en unik mulighet til \u00e5 omfavne mangfoldet i deg selv og verden rundt!<\/p>\n","protected":false},"excerpt":{"rendered":"<p>Trygt og n\u00e6rt, vilt og eksotisk. Lokalt og globalt. Glede og alvor. L\u00e6ring og fri\u00e5r: P\u00e5 B\u00f8mlo Folkeh\u00f8gskule velger du [&hellip;]<\/p>\n","protected":false},"author":1,"featured_media":525,"parent":0,"menu_order":0,"comment_status":"closed","ping_status":"closed","template":"","meta":{"_acf_changed":false,"footnotes":""},"class_list":["post-65","page","type-page","status-publish","has-post-thumbnail","hentry"],"acf":[],"_links":{"self":[{"href":"https:\/\/bomlo.fhs.no\/old\/wp-json\/wp\/v2\/pages\/65","targetHints":{"allow":["GET"]}}],"collection":[{"href":"https:\/\/bomlo.fhs.no\/old\/wp-json\/wp\/v2\/pages"}],"about":[{"href":"https:\/\/bomlo.fhs.no\/old\/wp-json\/wp\/v2\/types\/page"}],"author":[{"embeddable":true,"href":"https:\/\/bomlo.fhs.no\/old\/wp-json\/wp\/v2\/users\/1"}],"replies":[{"embeddable":true,"href":"https:\/\/bomlo.fhs.no\/old\/wp-json\/wp\/v2\/comments?post=65"}],"version-history":[{"count":41,"href":"https:\/\/bomlo.fhs.no\/old\/wp-json\/wp\/v2\/pages\/65\/revisions"}],"predecessor-version":[{"id":1320,"href":"https:\/\/bomlo.fhs.no\/old\/wp-json\/wp\/v2\/pages\/65\/revisions\/1320"}],"wp:featuredmedia":[{"embeddable":true,"href":"https:\/\/bomlo.fhs.no\/old\/wp-json\/wp\/v2\/media\/525"}],"wp:attachment":[{"href":"https:\/\/bomlo.fhs.no\/old\/wp-json\/wp\/v2\/media?parent=65"}],"curies":[{"name":"wp","href":"https:\/\/api.w.org\/{rel}","templated":true}]}}