{"id":1080,"date":"2023-12-15T13:51:19","date_gmt":"2023-12-15T12:51:19","guid":{"rendered":"https:\/\/bomlo.fhs.no\/old\/?page_id=1080"},"modified":"2024-08-18T09:42:36","modified_gmt":"2024-08-18T07:42:36","slug":"elevstevne","status":"publish","type":"page","link":"https:\/\/bomlo.fhs.no\/old\/elevstevne\/","title":{"rendered":"Elevstevne"},"content":{"rendered":"\n<p class=\"has-vivid-red-color has-text-color has-link-color has-large-font-size wp-elements-a791f5c50538a7c0dc1a09b43639b765\"><\/p>\n\n\n\n<p>Ta kontakt med andre du gikk sammen med og avtal \u00e5 m\u00f8tes p\u00e5\u00a0B\u00f8mlo!<\/p>\n\n\n\n<p><strong>Vi er klar for nytt Elevstevne 6. -. 8. juni\u00a02025.<\/strong><\/p>\n\n\n\n<figure class=\"wp-block-table\"><table><tbody><tr><td>2019\/2020:\u00a0 \u00a0<\/td><td>5\u2011\u00e5rsjubilanter<\/td><\/tr><tr><td>2014\/2015:<\/td><td>10-\u00e5rsjubilanter<\/td><\/tr><tr><td>2009\/2010:\u00a0\u00a0<\/td><td>15-\u00e5rsjubilanter<\/td><\/tr><tr><td>2004\/2005:<\/td><td>20-\u00e5rsjubilanter<\/td><\/tr><tr><td>1994\/1995:<\/td><td>30-\u00e5rsjubilanter<\/td><\/tr><tr><td>1989\/1990:<\/td><td>35-\u00e5rsjubilanter<\/td><\/tr><tr><td>1984\/1985:<\/td><td>40-\u00e5rsjubilanter<\/td><\/tr><\/tbody><\/table><\/figure>\n\n\n\n<p><strong>NB! Elever og ansatte fra andre \u00e5rskull er ogs\u00e5 hjertelig velkommen.<\/strong><\/p>\n\n\n\n<h3 class=\"wp-block-heading\"><strong>Program Elevstevnet 202<\/strong>5<\/h3>\n\n\n\n<p>Vi har laget forel\u00f8pig program, men vi er \u00e5pne for endringer.<\/p>\n\n\n\n<p><strong>Fredag 6. juni:<br><\/strong>19.00\u201321.00\u00a0\u00a0\u00a0 Kveldsmat<\/p>\n\n\n\n<p><strong>L\u00f8rdag 7. juni:<br><\/strong>08:30 Morgensamling<br>09:00 Frokost<br>10:00 Alt. opplegg; Siggjo, b\u00e5ttur, kajakktur, tur til Espev\u00e6r<br>14:00 Gr\u00f8t<br>15:00 Samlinger for de ulike \u00e5rskulla, med planlegging av festprogram<br>16.00 Program i regi av skolen; omvising, informasjon o.l.<br>19:00 Festmiddag med program, fotografering. Kaffe og kaker<br>21:00 Samlinger for de ulike \u00e5rskullene<\/p>\n\n\n\n<p><strong>S\u00f8ndag 8. juni:<br><\/strong>08.30\u201311.00\u00a0\u00a0\u00a0 Frokost<\/p>\n\n\n\n<p><strong>Priser&nbsp;for&nbsp;Elevstevnet:<\/strong><\/p>\n\n\n\n<figure class=\"wp-block-table\"><table><tbody><tr><td>Hele stevnet:<\/td><td>&nbsp;kr&nbsp;&nbsp;&nbsp;&nbsp;&nbsp; 750<\/td><\/tr><tr><td>L\u00f8rdag til s\u00f8ndag:<\/td><td>&nbsp;kr&nbsp;&nbsp;&nbsp;&nbsp;&nbsp; 500<\/td><\/tr><tr><td>Bor hjemme, men spiser p\u00e5 skolen:<\/td><td>&nbsp;kr&nbsp;&nbsp;&nbsp;&nbsp;&nbsp; 350<\/td><\/tr><tr><td>Festmiddag og&nbsp;kaffe:<\/td><td>&nbsp;kr&nbsp;&nbsp;&nbsp;&nbsp;&nbsp; 250<\/td><\/tr><\/tbody><\/table><\/figure>\n\n\n\n<p>N\u00e5r du melder deg p\u00e5 m\u00e5 du opplyse om du er med hele helgen eller bare delvis. De som melder seg p\u00e5 hele helgen er prioritert til overnatting p\u00e5 skolen (flersengsrom).<\/p>\n\n\n\n<p>P\u00e5meldingsfrist 23. mai med e\u2011post til <strong>post@bomlo.fhs.no\/old<\/strong><\/p>\n\n\n\n<p>Vi kommer med mer informasjon om stevnet p\u00e5 Facebook, for \u00e5 pr\u00f8ve \u00e5 n\u00e5 flest&nbsp;mulig.<\/p>\n\n\n\n<p>Det er ikke anledning til \u00e5 nyte alkohol p\u00e5 Elevstevnet.<\/p>\n\n\n\n<p><strong>Velkommen tilbake til B\u00f8mlo Folkeh\u00f8gskule!<\/strong><\/p>\n\n\n\n<figure class=\"wp-block-gallery has-nested-images columns-default is-cropped wp-block-gallery-1 is-layout-flex wp-block-gallery-is-layout-flex\">\n<figure class=\"wp-block-image size-large\"><a href=\"https:\/\/bomlo.fhs.no\/old\/wp-content\/uploads\/Elevstemne3-1.jpg\" data-fancybox=\"gallery\"><img loading=\"lazy\" decoding=\"async\" width=\"500\" height=\"667\" data-id=\"1085\" src=\"https:\/\/bomlo.fhs.no\/old\/wp-content\/uploads\/Elevstemne3-1.jpg\" alt=\"\" class=\"wp-image-1085\" srcset=\"https:\/\/bomlo.fhs.no\/old\/wp-content\/uploads\/Elevstemne3-1.jpg 500w, https:\/\/bomlo.fhs.no\/old\/wp-content\/uploads\/Elevstemne3-1-225x300.jpg 225w\" sizes=\"auto, (max-width: 500px) 100vw, 500px\" \/><\/a><\/figure>\n\n\n\n<figure class=\"wp-block-image size-large\"><img loading=\"lazy\" decoding=\"async\" width=\"1024\" height=\"981\" data-id=\"1084\" src=\"https:\/\/bomlo.fhs.no\/old\/wp-content\/uploads\/Elevstemne4-1-1024x981.jpg\" alt=\"\" class=\"wp-image-1084\" srcset=\"https:\/\/bomlo.fhs.no\/old\/wp-content\/uploads\/Elevstemne4-1-1024x981.jpg 1024w, https:\/\/bomlo.fhs.no\/old\/wp-content\/uploads\/Elevstemne4-1-300x287.jpg 300w, https:\/\/bomlo.fhs.no\/old\/wp-content\/uploads\/Elevstemne4-1-768x736.jpg 768w, https:\/\/bomlo.fhs.no\/old\/wp-content\/uploads\/Elevstemne4-1.jpg 1158w\" sizes=\"auto, (max-width: 1024px) 100vw, 1024px\" \/><\/figure>\n\n\n\n<figure class=\"wp-block-image size-large\"><a href=\"https:\/\/bomlo.fhs.no\/old\/wp-content\/uploads\/Elevstemne2.jpg\" data-fancybox=\"gallery\"><img loading=\"lazy\" decoding=\"async\" width=\"500\" height=\"375\" data-id=\"1083\" src=\"https:\/\/bomlo.fhs.no\/old\/wp-content\/uploads\/Elevstemne2.jpg\" alt=\"\" class=\"wp-image-1083\" srcset=\"https:\/\/bomlo.fhs.no\/old\/wp-content\/uploads\/Elevstemne2.jpg 500w, https:\/\/bomlo.fhs.no\/old\/wp-content\/uploads\/Elevstemne2-300x225.jpg 300w\" sizes=\"auto, (max-width: 500px) 100vw, 500px\" \/><\/a><\/figure>\n\n\n\n<figure class=\"wp-block-image size-large\"><a href=\"https:\/\/bomlo.fhs.no\/old\/wp-content\/uploads\/Elevstemne5.jpg\" data-fancybox=\"gallery\"><img loading=\"lazy\" decoding=\"async\" width=\"500\" height=\"667\" data-id=\"1082\" src=\"https:\/\/bomlo.fhs.no\/old\/wp-content\/uploads\/Elevstemne5.jpg\" alt=\"\" class=\"wp-image-1082\" srcset=\"https:\/\/bomlo.fhs.no\/old\/wp-content\/uploads\/Elevstemne5.jpg 500w, https:\/\/bomlo.fhs.no\/old\/wp-content\/uploads\/Elevstemne5-225x300.jpg 225w\" sizes=\"auto, (max-width: 500px) 100vw, 500px\" \/><\/a><\/figure>\n\n\n\n<figure class=\"wp-block-image size-large\"><a href=\"https:\/\/bomlo.fhs.no\/old\/wp-content\/uploads\/Elevstemne1.jpg\" data-fancybox=\"gallery\"><img loading=\"lazy\" decoding=\"async\" width=\"568\" height=\"606\" data-id=\"1081\" src=\"https:\/\/bomlo.fhs.no\/old\/wp-content\/uploads\/Elevstemne1.jpg\" alt=\"\" class=\"wp-image-1081\" srcset=\"https:\/\/bomlo.fhs.no\/old\/wp-content\/uploads\/Elevstemne1.jpg 568w, https:\/\/bomlo.fhs.no\/old\/wp-content\/uploads\/Elevstemne1-281x300.jpg 281w\" sizes=\"auto, (max-width: 568px) 100vw, 568px\" \/><\/a><\/figure>\n<\/figure>\n","protected":false},"excerpt":{"rendered":"<p>Ta kontakt med andre du gikk sammen med og avtal \u00e5 m\u00f8tes p\u00e5\u00a0B\u00f8mlo! Vi er klar for nytt Elevstevne 6. [&hellip;]<\/p>\n","protected":false},"author":1,"featured_media":0,"parent":0,"menu_order":10,"comment_status":"closed","ping_status":"closed","template":"","meta":{"_acf_changed":false,"footnotes":""},"class_list":["post-1080","page","type-page","status-publish","hentry"],"acf":[],"_links":{"self":[{"href":"https:\/\/bomlo.fhs.no\/old\/wp-json\/wp\/v2\/pages\/1080","targetHints":{"allow":["GET"]}}],"collection":[{"href":"https:\/\/bomlo.fhs.no\/old\/wp-json\/wp\/v2\/pages"}],"about":[{"href":"https:\/\/bomlo.fhs.no\/old\/wp-json\/wp\/v2\/types\/page"}],"author":[{"embeddable":true,"href":"https:\/\/bomlo.fhs.no\/old\/wp-json\/wp\/v2\/users\/1"}],"replies":[{"embeddable":true,"href":"https:\/\/bomlo.fhs.no\/old\/wp-json\/wp\/v2\/comments?post=1080"}],"version-history":[{"count":9,"href":"https:\/\/bomlo.fhs.no\/old\/wp-json\/wp\/v2\/pages\/1080\/revisions"}],"predecessor-version":[{"id":1381,"href":"https:\/\/bomlo.fhs.no\/old\/wp-json\/wp\/v2\/pages\/1080\/revisions\/1381"}],"wp:attachment":[{"href":"https:\/\/bomlo.fhs.no\/old\/wp-json\/wp\/v2\/media?parent=1080"}],"curies":[{"name":"wp","href":"https:\/\/api.w.org\/{rel}","templated":true}]}}