{"id":1034,"date":"2023-12-06T14:10:48","date_gmt":"2023-12-06T13:10:48","guid":{"rendered":"https:\/\/bomlo.fhs.no\/old\/?page_id=1034"},"modified":"2023-12-06T15:16:17","modified_gmt":"2023-12-06T14:16:17","slug":"sok-na","status":"publish","type":"page","link":"https:\/\/bomlo.fhs.no\/old\/sok-na\/","title":{"rendered":"S\u00f8k n\u00e5!"},"content":{"rendered":"\n<p class=\"has-text-align-center\"><strong>S\u00e5 fint at du \u00f8nsker \u00e5 s\u00f8ke plass ved B\u00f8mlo Folkeh\u00f8gskule!&nbsp;<\/strong><\/p>\n\n\n\n<p class=\"has-text-align-center\">G\u00e5 til&nbsp;<a href=\"https:\/\/www.folkehogskole.no\/index.php?page_id=80&amp;skole_id=45\">folkehogskole.no<\/a>&nbsp;for \u00e5 komme direkte til elektronisk s\u00f8knadsskjema.<\/p>\n\n\n\n<p class=\"has-text-align-center\">Trenger du mer tid til \u00e5 tenke? <a href=\"https:\/\/bomlo.fhs.no\/old\/wp-content\/uploads\/BFHS-katalog-web.pdf\">Da kan du lese litt i brosjyren v\u00e5r<\/a>.<\/p>\n","protected":false},"excerpt":{"rendered":"<p>Les brosjyren v\u00e5r og s\u00f8k plass ved B\u00f8mlo Folkeh\u00f8gskule!<\/p>\n","protected":false},"author":1,"featured_media":0,"parent":0,"menu_order":0,"comment_status":"closed","ping_status":"closed","template":"","meta":{"_acf_changed":false,"footnotes":""},"class_list":["post-1034","page","type-page","status-publish","hentry"],"acf":[],"_links":{"self":[{"href":"https:\/\/bomlo.fhs.no\/old\/wp-json\/wp\/v2\/pages\/1034","targetHints":{"allow":["GET"]}}],"collection":[{"href":"https:\/\/bomlo.fhs.no\/old\/wp-json\/wp\/v2\/pages"}],"about":[{"href":"https:\/\/bomlo.fhs.no\/old\/wp-json\/wp\/v2\/types\/page"}],"author":[{"embeddable":true,"href":"https:\/\/bomlo.fhs.no\/old\/wp-json\/wp\/v2\/users\/1"}],"replies":[{"embeddable":true,"href":"https:\/\/bomlo.fhs.no\/old\/wp-json\/wp\/v2\/comments?post=1034"}],"version-history":[{"count":5,"href":"https:\/\/bomlo.fhs.no\/old\/wp-json\/wp\/v2\/pages\/1034\/revisions"}],"predecessor-version":[{"id":1040,"href":"https:\/\/bomlo.fhs.no\/old\/wp-json\/wp\/v2\/pages\/1034\/revisions\/1040"}],"wp:attachment":[{"href":"https:\/\/bomlo.fhs.no\/old\/wp-json\/wp\/v2\/media?parent=1034"}],"curies":[{"name":"wp","href":"https:\/\/api.w.org\/{rel}","templated":true}]}}